{"id":4312,"date":"2021-07-19T15:53:11","date_gmt":"2021-07-19T13:53:11","guid":{"rendered":"http:\/\/www.be-yourself.bz.it\/?page_id=4312"},"modified":"2024-09-30T16:43:38","modified_gmt":"2024-09-30T14:43:38","slug":"home","status":"publish","type":"page","link":"https:\/\/www.be-yourself.bz.it\/it\/","title":{"rendered":"Home"},"content":{"rendered":"\t\t<div data-elementor-type=\"wp-page\" data-elementor-id=\"4312\" class=\"elementor elementor-4312 elementor-3121\" data-elementor-settings=\"[]\">\n\t\t\t\t\t\t\t<div class=\"elementor-section-wrap\">\n\t\t\t\t\t\t\t<section class=\"elementor-section elementor-inner-section elementor-element elementor-element-34fef4ae elementor-section-boxed elementor-section-height-default elementor-section-height-default\" data-id=\"34fef4ae\" data-element_type=\"section\">\n\t\t\t\t\t\t<div class=\"elementor-container elementor-column-gap-default\">\n\t\t\t\t\t<div class=\"elementor-column elementor-col-33 elementor-inner-column elementor-element elementor-element-191ce7dd everleigh-one-feature-column-one\" data-id=\"191ce7dd\" data-element_type=\"column\">\n\t\t\t<div class=\"elementor-widget-wrap elementor-element-populated\">\n\t\t\t\t\t\t\t\t<div class=\"elementor-element elementor-element-5fd29e0e everleigh-no-bottom elementor-widget elementor-widget-image\" data-id=\"5fd29e0e\" data-element_type=\"widget\" data-widget_type=\"image.default\">\n\t\t\t\t<div class=\"elementor-widget-container\">\n\t\t\t\t\t\t\t\t\t\t\t\t\t\t\t<img decoding=\"async\" src=\"https:\/\/www.be-yourself.bz.it\/wp-content\/uploads\/elementor\/thumbs\/imani-bahati_sw-scaled-p9ilvygb5pi6m76dq4xb1g6xwcp9wk1f7np22rqqyu.jpg\" title=\"imani-bahati_sw\" alt=\"imani-bahati_sw\" \/>\t\t\t\t\t\t\t\t\t\t\t\t\t\t\t<\/div>\n\t\t\t\t<\/div>\n\t\t\t\t\t<\/div>\n\t\t<\/div>\n\t\t\t\t<div class=\"elementor-column elementor-col-33 elementor-inner-column elementor-element elementor-element-5d22f26f everleigh-one-feature-column-two\" data-id=\"5d22f26f\" data-element_type=\"column\" data-settings=\"{&quot;background_background&quot;:&quot;classic&quot;}\">\n\t\t\t<div class=\"elementor-widget-wrap elementor-element-populated\">\n\t\t\t\t\t\t\t\t<div class=\"elementor-element elementor-element-673e152d everleigh-no-bottom elementor-widget elementor-widget-heading\" data-id=\"673e152d\" data-element_type=\"widget\" data-widget_type=\"heading.default\">\n\t\t\t\t<div class=\"elementor-widget-container\">\n\t\t\t<h2 class=\"elementor-heading-title elementor-size-default\">BARBARA Zisser<\/h2>\t\t<\/div>\n\t\t\t\t<\/div>\n\t\t\t\t<div class=\"elementor-element elementor-element-492ce1ca everleigh-no-bottom-p elementor-widget elementor-widget-text-editor\" data-id=\"492ce1ca\" data-element_type=\"widget\" data-widget_type=\"text-editor.default\">\n\t\t\t\t<div class=\"elementor-widget-container\">\n\t\t\t\t\t\t\t\t<p>&#8211;<br \/>Rafforzare la salute mentale<br \/>Resilienza \u2013 Self-care<br \/>Psicologia Positiva<br \/>Terapia della Gestalt<br \/>Nuove competenze di leadership<br \/>&#8211; <\/p>\t\t\t\t\t\t<\/div>\n\t\t\t\t<\/div>\n\t\t\t\t\t<\/div>\n\t\t<\/div>\n\t\t\t\t<div class=\"elementor-column elementor-col-33 elementor-inner-column elementor-element elementor-element-6ab4daae everleigh-one-feature-column-three\" data-id=\"6ab4daae\" data-element_type=\"column\">\n\t\t\t<div class=\"elementor-widget-wrap elementor-element-populated\">\n\t\t\t\t\t\t\t\t<div class=\"elementor-element elementor-element-76ef1d6d everleigh-no-bottom elementor-hidden-phone elementor-widget elementor-widget-image\" data-id=\"76ef1d6d\" data-element_type=\"widget\" data-widget_type=\"image.default\">\n\t\t\t\t<div class=\"elementor-widget-container\">\n\t\t\t\t\t\t\t\t\t\t\t\t\t\t\t<img loading=\"lazy\" decoding=\"async\" width=\"512\" height=\"512\" src=\"https:\/\/www.be-yourself.bz.it\/wp-content\/uploads\/2024\/09\/by_sonne.png\" class=\"attachment-full size-full\" alt=\"\" srcset=\"https:\/\/www.be-yourself.bz.it\/wp-content\/uploads\/2024\/09\/by_sonne.png 512w, https:\/\/www.be-yourself.bz.it\/wp-content\/uploads\/2024\/09\/by_sonne-300x300.png 300w, https:\/\/www.be-yourself.bz.it\/wp-content\/uploads\/2024\/09\/by_sonne-150x150.png 150w\" sizes=\"auto, (max-width: 512px) 100vw, 512px\" \/>\t\t\t\t\t\t\t\t\t\t\t\t\t\t\t<\/div>\n\t\t\t\t<\/div>\n\t\t\t\t\t<\/div>\n\t\t<\/div>\n\t\t\t\t\t\t\t<\/div>\n\t\t<\/section>\n\t\t\t\t<section class=\"elementor-section elementor-top-section elementor-element elementor-element-2dfb5e86 everleigh-custom-intro-section everleigh-custom-two elementor-section-boxed elementor-section-height-default elementor-section-height-default\" data-id=\"2dfb5e86\" data-element_type=\"section\">\n\t\t\t\t\t\t<div class=\"elementor-container elementor-column-gap-custom\">\n\t\t\t\t\t<div class=\"elementor-column elementor-col-100 elementor-top-column elementor-element elementor-element-7dfa70c7\" data-id=\"7dfa70c7\" data-element_type=\"column\">\n\t\t\t<div class=\"elementor-widget-wrap elementor-element-populated\">\n\t\t\t\t\t\t\t\t<div class=\"elementor-element elementor-element-6e5b3d86 everleigh-no-bottom everleigh-custom-headline elementor-widget elementor-widget-html\" data-id=\"6e5b3d86\" data-element_type=\"widget\" data-widget_type=\"html.default\">\n\t\t\t\t<div class=\"elementor-widget-container\">\n\t\t\t<h2>La maggior gloria nella vita <br>non \u00e8 non cadere mai,<br><span class=\"everleigh-accent\"> ma rialzarsi ogni volta<\/span> che si cade.<h2>\t\t<\/div>\n\t\t\t\t<\/div>\n\t\t\t\t<div class=\"elementor-element elementor-element-46ffc1e8 everleigh-no-bottom-p elementor-widget elementor-widget-text-editor\" data-id=\"46ffc1e8\" data-element_type=\"widget\" data-widget_type=\"text-editor.default\">\n\t\t\t\t<div class=\"elementor-widget-container\">\n\t\t\t\t\t\t\t\t<p>Nelson Mandela<\/p>\t\t\t\t\t\t<\/div>\n\t\t\t\t<\/div>\n\t\t\t\t\t<\/div>\n\t\t<\/div>\n\t\t\t\t\t\t\t<\/div>\n\t\t<\/section>\n\t\t\t\t<section class=\"elementor-section elementor-top-section elementor-element elementor-element-61fcaff9 everleigh-about-me-section everleigh-custom-two elementor-section-height-min-height elementor-section-boxed elementor-section-height-default elementor-section-items-middle\" data-id=\"61fcaff9\" data-element_type=\"section\">\n\t\t\t\t\t\t<div class=\"elementor-container elementor-column-gap-no\">\n\t\t\t\t\t<div class=\"elementor-column elementor-col-50 elementor-top-column elementor-element elementor-element-1d9b6159 everleigh-about-me-image-column\" data-id=\"1d9b6159\" data-element_type=\"column\">\n\t\t\t<div class=\"elementor-widget-wrap elementor-element-populated\">\n\t\t\t\t\t\t\t\t<div class=\"elementor-element elementor-element-3c812176 everleigh-no-bottom elementor-widget elementor-widget-spacer\" data-id=\"3c812176\" data-element_type=\"widget\" data-widget_type=\"spacer.default\">\n\t\t\t\t<div class=\"elementor-widget-container\">\n\t\t\t\t\t<div class=\"elementor-spacer\">\n\t\t\t<div class=\"elementor-spacer-inner\"><\/div>\n\t\t<\/div>\n\t\t\t\t<\/div>\n\t\t\t\t<\/div>\n\t\t\t\t<div class=\"elementor-element elementor-element-7ea22bbb everleigh-no-bottom elementor-invisible elementor-widget elementor-widget-image\" data-id=\"7ea22bbb\" data-element_type=\"widget\" data-settings=\"{&quot;_animation&quot;:&quot;pulse&quot;}\" data-widget_type=\"image.default\">\n\t\t\t\t<div class=\"elementor-widget-container\">\n\t\t\t\t\t\t\t\t\t\t\t\t\t\t\t<img decoding=\"async\" src=\"https:\/\/www.be-yourself.bz.it\/wp-content\/uploads\/elementor\/thumbs\/IMG_2135_sw-scaled-p9iluaaifur7fn09fhoaokpkzo568ucnl5qlasxcww.jpg\" title=\"IMG_2135_sw\" alt=\"IMG_2135_sw\" \/>\t\t\t\t\t\t\t\t\t\t\t\t\t\t\t<\/div>\n\t\t\t\t<\/div>\n\t\t\t\t\t<\/div>\n\t\t<\/div>\n\t\t\t\t<div class=\"elementor-column elementor-col-50 elementor-top-column elementor-element elementor-element-7ffbcba4 everleigh-about-me-text-column elementor-custom-two\" data-id=\"7ffbcba4\" data-element_type=\"column\">\n\t\t\t<div class=\"elementor-widget-wrap elementor-element-populated\">\n\t\t\t\t\t\t\t\t<div class=\"elementor-element elementor-element-6a37d6bf everleigh-no-bottom everleigh-custom-headline elementor-widget elementor-widget-html\" data-id=\"6a37d6bf\" data-element_type=\"widget\" data-widget_type=\"html.default\">\n\t\t\t\t<div class=\"elementor-widget-container\">\n\t\t\t<h2>Barbara Zisser.<br><span class=\"everleigh-accent\">Sii te stesso<\/span>.<\/h2>\t\t<\/div>\n\t\t\t\t<\/div>\n\t\t\t\t<div class=\"elementor-element elementor-element-2708af1 everleigh-no-bottom-p elementor-widget elementor-widget-text-editor\" data-id=\"2708af1\" data-element_type=\"widget\" data-widget_type=\"text-editor.default\">\n\t\t\t\t<div class=\"elementor-widget-container\">\n\t\t\t\t\t\t\t\t<p style=\"font-weight: 400;\">Ci\u00f2 che sembra cos\u00ec semplice, in verit\u00e0 forse \u00e8 la pi\u00f9 grande sfida dei nostri tempi. La mia offerta di corsi parte proprio da qui.<\/p><p style=\"font-weight: 400;\">Mi considero una spalla, una sparring partner che ti incoraggia, ti sostiene, ti trasmette conoscenze, nell\u2019intento di elaborare insieme a te spunti di soluzione per la tua tematica. A tale scopo creo il contesto che ti permette di crescere affrontando le sfide della vita. La mia visione \u00e8 di accompagnarti nel tuo percorso personale verso maggiore serenit\u00e0, ottimismo e gioia di vivere.<\/p><p style=\"font-weight: 400;\">Le risorse della resilienza e le nuove scoperte scientifiche della Psicologia Positiva, unite a una profonda attenzione ai processi e momenti, sono mezzi semplici ma straordinariamente efficaci per innescare il cambiamento. <br \/><br \/>Sar\u00e0 un viaggio emozionante e pacifico.<\/p>\t\t\t\t\t\t<\/div>\n\t\t\t\t<\/div>\n\t\t\t\t<div class=\"elementor-element elementor-element-2f444fda elementor-widget elementor-widget-button\" data-id=\"2f444fda\" data-element_type=\"widget\" data-widget_type=\"button.default\">\n\t\t\t\t<div class=\"elementor-widget-container\">\n\t\t\t\t\t<div class=\"elementor-button-wrapper\">\n\t\t\t<a href=\"https:\/\/www.be-yourself.bz.it\/it\/home\/chi-sono\/\" class=\"elementor-button-link elementor-button elementor-size-sm\" role=\"button\">\n\t\t\t\t\t\t<span class=\"elementor-button-content-wrapper\">\n\t\t\t\t\t\t<span class=\"elementor-button-text\">Scopri di pi\u00f9 <\/span>\n\t\t<\/span>\n\t\t\t\t\t<\/a>\n\t\t<\/div>\n\t\t\t\t<\/div>\n\t\t\t\t<\/div>\n\t\t\t\t\t<\/div>\n\t\t<\/div>\n\t\t\t\t\t\t\t<\/div>\n\t\t<\/section>\n\t\t\t\t<section class=\"elementor-section elementor-top-section elementor-element elementor-element-1b800d3d everleigh-about-me-section elementor-section-boxed elementor-section-height-default elementor-section-height-default\" data-id=\"1b800d3d\" data-element_type=\"section\">\n\t\t\t\t\t\t<div class=\"elementor-container elementor-column-gap-no\">\n\t\t\t\t\t<div class=\"elementor-column elementor-col-50 elementor-top-column elementor-element elementor-element-221537b8 everleigh-about-me-image-column\" data-id=\"221537b8\" data-element_type=\"column\">\n\t\t\t<div class=\"elementor-widget-wrap elementor-element-populated\">\n\t\t\t\t\t\t\t\t<div class=\"elementor-element elementor-element-6ee10c14 everleigh-no-bottom elementor-widget elementor-widget-spacer\" data-id=\"6ee10c14\" data-element_type=\"widget\" data-widget_type=\"spacer.default\">\n\t\t\t\t<div class=\"elementor-widget-container\">\n\t\t\t\t\t<div class=\"elementor-spacer\">\n\t\t\t<div class=\"elementor-spacer-inner\"><\/div>\n\t\t<\/div>\n\t\t\t\t<\/div>\n\t\t\t\t<\/div>\n\t\t\t\t<div class=\"elementor-element elementor-element-443ad345 everleigh-no-bottom elementor-invisible elementor-widget elementor-widget-image\" data-id=\"443ad345\" data-element_type=\"widget\" data-settings=\"{&quot;_animation&quot;:&quot;pulse&quot;}\" data-widget_type=\"image.default\">\n\t\t\t\t<div class=\"elementor-widget-container\">\n\t\t\t\t\t\t\t\t\t\t\t\t\t\t\t<img loading=\"lazy\" decoding=\"async\" width=\"2560\" height=\"2560\" src=\"https:\/\/www.be-yourself.bz.it\/wp-content\/uploads\/2021\/10\/weitsicht-scaled.jpg\" class=\"attachment-full size-full\" alt=\"\" srcset=\"https:\/\/www.be-yourself.bz.it\/wp-content\/uploads\/2021\/10\/weitsicht-scaled.jpg 2560w, https:\/\/www.be-yourself.bz.it\/wp-content\/uploads\/2021\/10\/weitsicht-300x300.jpg 300w, https:\/\/www.be-yourself.bz.it\/wp-content\/uploads\/2021\/10\/weitsicht-1024x1024.jpg 1024w, https:\/\/www.be-yourself.bz.it\/wp-content\/uploads\/2021\/10\/weitsicht-150x150.jpg 150w, https:\/\/www.be-yourself.bz.it\/wp-content\/uploads\/2021\/10\/weitsicht-768x768.jpg 768w, https:\/\/www.be-yourself.bz.it\/wp-content\/uploads\/2021\/10\/weitsicht-1536x1536.jpg 1536w, https:\/\/www.be-yourself.bz.it\/wp-content\/uploads\/2021\/10\/weitsicht-2048x2048.jpg 2048w, https:\/\/www.be-yourself.bz.it\/wp-content\/uploads\/2021\/10\/weitsicht-1200x1200.jpg 1200w, https:\/\/www.be-yourself.bz.it\/wp-content\/uploads\/2021\/10\/weitsicht-1650x1650.jpg 1650w, https:\/\/www.be-yourself.bz.it\/wp-content\/uploads\/2021\/10\/weitsicht-900x900.jpg 900w\" sizes=\"auto, (max-width: 2560px) 100vw, 2560px\" \/>\t\t\t\t\t\t\t\t\t\t\t\t\t\t\t<\/div>\n\t\t\t\t<\/div>\n\t\t\t\t\t<\/div>\n\t\t<\/div>\n\t\t\t\t<div class=\"elementor-column elementor-col-50 elementor-top-column elementor-element elementor-element-7a3ef021 everleigh-about-me-text-column elementor-custom-two\" data-id=\"7a3ef021\" data-element_type=\"column\">\n\t\t\t<div class=\"elementor-widget-wrap elementor-element-populated\">\n\t\t\t\t\t\t\t\t<div class=\"elementor-element elementor-element-8d8f7d0 everleigh-no-bottom everleigh-custom-headline elementor-widget elementor-widget-html\" data-id=\"8d8f7d0\" data-element_type=\"widget\" data-widget_type=\"html.default\">\n\t\t\t\t<div class=\"elementor-widget-container\">\n\t\t\t<h2><span class=\"everleigh-accent\">La mia proposta fa per te <\/span><br>se\u2026<\/h2>\t\t<\/div>\n\t\t\t\t<\/div>\n\t\t\t\t<div class=\"elementor-element elementor-element-5867fd07 everleigh-no-bottom-p elementor-widget elementor-widget-text-editor\" data-id=\"5867fd07\" data-element_type=\"widget\" data-widget_type=\"text-editor.default\">\n\t\t\t\t<div class=\"elementor-widget-container\">\n\t\t\t\t\t\t\t\t<div dir=\"ltr\" data-setdir=\"false\">\u00a0<\/div><ul><li>vuoi ridurre il tuo livello di stress reale e percepito<\/li><li>ti senti intrappolato nella ruota del criceto e pensi o senti che nella vita ci deve essere dell\u2019altro<\/li><li>senti di aver perso l\u2019equilibrio e rischi un burn-out o un bore-out<\/li><li>vuoi essere semplicemente TE STESSO o vorresti scoprire chi sei o chi potresti essere<\/li><li>vuoi nuovamente percepire le tue esigenze o sei alla ricerca dei tuoi veri bisogni<\/li><li>vuoi aumentare il tuo generale stato di benessere e dedicare tempo e attenzione al self-care <\/li><li>senti l\u2019esigenza di lavorare sulla tua personalit\u00e0<\/li><li>hai semplicemente bisogno di ricevere nuovi input per te e la tua vita<\/li><\/ul>\t\t\t\t\t\t<\/div>\n\t\t\t\t<\/div>\n\t\t\t\t\t<\/div>\n\t\t<\/div>\n\t\t\t\t\t\t\t<\/div>\n\t\t<\/section>\n\t\t\t\t<section class=\"elementor-section elementor-top-section elementor-element elementor-element-0703b13 everleigh-custom-intro-section everleigh-custom-two elementor-section-boxed elementor-section-height-default elementor-section-height-default\" data-id=\"0703b13\" data-element_type=\"section\">\n\t\t\t\t\t\t<div class=\"elementor-container elementor-column-gap-custom\">\n\t\t\t\t\t<div class=\"elementor-column elementor-col-100 elementor-top-column elementor-element elementor-element-b9c5717\" data-id=\"b9c5717\" data-element_type=\"column\">\n\t\t\t<div class=\"elementor-widget-wrap elementor-element-populated\">\n\t\t\t\t\t\t\t\t<div class=\"elementor-element elementor-element-04e4240 everleigh-no-bottom everleigh-custom-headline elementor-widget elementor-widget-html\" data-id=\"04e4240\" data-element_type=\"widget\" data-widget_type=\"html.default\">\n\t\t\t\t<div class=\"elementor-widget-container\">\n\t\t\t<h2>Per essere integralmente noi stessi dobbiamo <span class=\"everleigh-accent\">accettare il nostro vero io.<\/span> \u00c8 cos\u00ec semplice. <br>Sta a noi se ci pare difficile.<\/h2>\t\t<\/div>\n\t\t\t\t<\/div>\n\t\t\t\t<div class=\"elementor-element elementor-element-1b215ff everleigh-no-bottom-p elementor-widget elementor-widget-text-editor\" data-id=\"1b215ff\" data-element_type=\"widget\" data-widget_type=\"text-editor.default\">\n\t\t\t\t<div class=\"elementor-widget-container\">\n\t\t\t\t\t\t\t\t<p>John Strelecky<\/p>\t\t\t\t\t\t<\/div>\n\t\t\t\t<\/div>\n\t\t\t\t\t<\/div>\n\t\t<\/div>\n\t\t\t\t\t\t\t<\/div>\n\t\t<\/section>\n\t\t\t\t<section class=\"elementor-section elementor-top-section elementor-element elementor-element-48ffc386 everleigh-custom-blog-section everleigh-custom-four elementor-section-boxed elementor-section-height-default elementor-section-height-default\" data-id=\"48ffc386\" data-element_type=\"section\">\n\t\t\t\t\t\t<div class=\"elementor-container elementor-column-gap-default\">\n\t\t\t\t\t<div class=\"elementor-column elementor-col-100 elementor-top-column elementor-element elementor-element-56aed692\" data-id=\"56aed692\" data-element_type=\"column\">\n\t\t\t<div class=\"elementor-widget-wrap elementor-element-populated\">\n\t\t\t\t\t\t\t\t<div class=\"elementor-element elementor-element-19b2dee1 elementor-widget elementor-widget-spacer\" data-id=\"19b2dee1\" data-element_type=\"widget\" data-widget_type=\"spacer.default\">\n\t\t\t\t<div class=\"elementor-widget-container\">\n\t\t\t\t\t<div class=\"elementor-spacer\">\n\t\t\t<div class=\"elementor-spacer-inner\"><\/div>\n\t\t<\/div>\n\t\t\t\t<\/div>\n\t\t\t\t<\/div>\n\t\t\t\t<div class=\"elementor-element elementor-element-af06358 everleigh-no-bottom everleigh-custom-headline elementor-widget elementor-widget-html\" data-id=\"af06358\" data-element_type=\"widget\" data-widget_type=\"html.default\">\n\t\t\t\t<div class=\"elementor-widget-container\">\n\t\t\t<h2><span class=\"everleigh-accent\">Impulsi e ispirazioni<\/span> per una vita resiliente<\/h2>\t\t<\/div>\n\t\t\t\t<\/div>\n\t\t\t\t<div class=\"elementor-element elementor-element-4bad9c37 elementor-widget elementor-widget-wp-widget-everleigh_elementor_posts_widget\" data-id=\"4bad9c37\" data-element_type=\"widget\" data-widget_type=\"wp-widget-everleigh_elementor_posts_widget.default\">\n\t\t\t\t<div class=\"elementor-widget-container\">\n\t\t\t\n\t\t<div class=\"everleigh-full-width\">\t\n\n\t\t\t\t\n<article id=\"post-4244\" class=\"everleigh-gallery-item  post-4244 post type-post status-publish format-standard has-post-thumbnail hentry category-impulsi-ispirazioni\">\n\n\t\t\t<div class=\"everleigh-gal-img-container\">\n\t\t\t<a href=\"https:\/\/www.be-yourself.bz.it\/it\/2021\/07\/19\/cogliere-le-piccole-gioie\/\">\n\t\t\t\t<div class=\"everleigh-gallery-post-img\" style=\"background-image:url(https:\/\/www.be-yourself.bz.it\/wp-content\/uploads\/2021\/07\/trac-vu_sw-1200x1200.jpg)\"><\/div>\n\t\t\t<\/a>\n\t\t<\/div>\t\n\t\t\t\n\t<h2 class=\"entry-title\"><a href=\"https:\/\/www.be-yourself.bz.it\/it\/2021\/07\/19\/cogliere-le-piccole-gioie\/\">Cogliere le piccole gioie<\/a><\/h2>\n\n\t\n\n<\/article>\t\n\n\n<article id=\"post-4219\" class=\"everleigh-gallery-item  post-4219 post type-post status-publish format-standard has-post-thumbnail hentry category-impulsi-ispirazioni\">\n\n\t\t\t<div class=\"everleigh-gal-img-container\">\n\t\t\t<a href=\"https:\/\/www.be-yourself.bz.it\/it\/2021\/07\/19\/consapevolezza-olistica\/\">\n\t\t\t\t<div class=\"everleigh-gallery-post-img\" style=\"background-image:url(https:\/\/www.be-yourself.bz.it\/wp-content\/uploads\/2021\/07\/by_kompass_grey-1200x1200.jpg)\"><\/div>\n\t\t\t<\/a>\n\t\t<\/div>\t\n\t\t\t\n\t<h2 class=\"entry-title\"><a href=\"https:\/\/www.be-yourself.bz.it\/it\/2021\/07\/19\/consapevolezza-olistica\/\">Consapevolezza olistica<\/a><\/h2>\n\n\t\n\n<\/article>\t\n\n\n<article id=\"post-4142\" class=\"everleigh-gallery-item  post-4142 post type-post status-publish format-standard has-post-thumbnail hentry category-impulsi-ispirazioni\">\n\n\t\t\t<div class=\"everleigh-gal-img-container\">\n\t\t\t<a href=\"https:\/\/www.be-yourself.bz.it\/it\/2021\/07\/19\/ricaricare-le-riserve-di-energia\/\">\n\t\t\t\t<div class=\"everleigh-gallery-post-img\" style=\"background-image:url(https:\/\/www.be-yourself.bz.it\/wp-content\/uploads\/2021\/07\/fuu_sw-1200x1084.jpg)\"><\/div>\n\t\t\t<\/a>\n\t\t<\/div>\t\n\t\t\t\n\t<h2 class=\"entry-title\"><a href=\"https:\/\/www.be-yourself.bz.it\/it\/2021\/07\/19\/ricaricare-le-riserve-di-energia\/\">Ricaricare le riserve di energia<\/a><\/h2>\n\n\t\n\n<\/article>\t\n\n\t\t\n\t\t<\/div> \t \n\t\t\n\t\t\t\t<\/div>\n\t\t\t\t<\/div>\n\t\t\t\t\t<\/div>\n\t\t<\/div>\n\t\t\t\t\t\t\t<\/div>\n\t\t<\/section>\n\t\t\t\t\t\t<\/div>\n\t\t\t\t\t<\/div>\n\t\t","protected":false},"excerpt":{"rendered":"<p>BARBARA Zisser &#8211;Rafforzare la salute mentaleResilienza \u2013 Self-carePsicologia PositivaTerapia della GestaltNuove competenze di leadership&#8211; La maggior gloria nella vita non \u00e8 non cadere mai, ma rialzarsi ogni volta che si cade. Nelson Mandela Barbara Zisser.Sii te stesso. Ci\u00f2 che sembra cos\u00ec semplice, in verit\u00e0 forse \u00e8 la pi\u00f9 grande sfida dei nostri tempi. La mia [&hellip;]<\/p>\n","protected":false},"author":1,"featured_media":0,"parent":0,"menu_order":0,"comment_status":"closed","ping_status":"closed","template":"","meta":{"footnotes":""},"class_list":["post-4312","page","type-page","status-publish","hentry"],"aioseo_notices":[],"_links":{"self":[{"href":"https:\/\/www.be-yourself.bz.it\/it\/wp-json\/wp\/v2\/pages\/4312","targetHints":{"allow":["GET"]}}],"collection":[{"href":"https:\/\/www.be-yourself.bz.it\/it\/wp-json\/wp\/v2\/pages"}],"about":[{"href":"https:\/\/www.be-yourself.bz.it\/it\/wp-json\/wp\/v2\/types\/page"}],"author":[{"embeddable":true,"href":"https:\/\/www.be-yourself.bz.it\/it\/wp-json\/wp\/v2\/users\/1"}],"replies":[{"embeddable":true,"href":"https:\/\/www.be-yourself.bz.it\/it\/wp-json\/wp\/v2\/comments?post=4312"}],"version-history":[{"count":136,"href":"https:\/\/www.be-yourself.bz.it\/it\/wp-json\/wp\/v2\/pages\/4312\/revisions"}],"predecessor-version":[{"id":5822,"href":"https:\/\/www.be-yourself.bz.it\/it\/wp-json\/wp\/v2\/pages\/4312\/revisions\/5822"}],"wp:attachment":[{"href":"https:\/\/www.be-yourself.bz.it\/it\/wp-json\/wp\/v2\/media?parent=4312"}],"curies":[{"name":"wp","href":"https:\/\/api.w.org\/{rel}","templated":true}]}}